{"id":4983,"date":"2025-04-08T10:33:46","date_gmt":"2025-04-08T08:33:46","guid":{"rendered":"https:\/\/www.hotelnobel.it\/appunti-viaggio\/"},"modified":"2025-04-14T16:16:15","modified_gmt":"2025-04-14T14:16:15","slug":"reisehinweise","status":"publish","type":"page","link":"https:\/\/www.hotelnobel.it\/de\/reisehinweise\/","title":{"rendered":"Appunti Viaggio"},"content":{"rendered":"\t\t<div data-elementor-type=\"wp-page\" data-elementor-id=\"4983\" class=\"elementor elementor-4983 elementor-3205\" data-elementor-post-type=\"page\">\n\t\t\t\t<div class=\"elementor-element elementor-element-1448224 e-con-full slidertop e-flex e-con e-parent\" data-id=\"1448224\" data-element_type=\"container\" data-e-type=\"container\">\n\t\t\t\t<div class=\"elementor-element elementor-element-9620b36 elementor--v-position-bottom elementor--h-position-center elementor-arrows-position-inside elementor-widget elementor-widget-slides\" data-id=\"9620b36\" data-element_type=\"widget\" data-e-type=\"widget\" data-settings=\"{&quot;navigation&quot;:&quot;arrows&quot;,&quot;transition&quot;:&quot;fade&quot;,&quot;autoplay&quot;:&quot;yes&quot;,&quot;pause_on_hover&quot;:&quot;yes&quot;,&quot;pause_on_interaction&quot;:&quot;yes&quot;,&quot;autoplay_speed&quot;:5000,&quot;infinite&quot;:&quot;yes&quot;,&quot;transition_speed&quot;:500}\" data-widget_type=\"slides.default\">\n\t\t\t\t<div class=\"elementor-widget-container\">\n\t\t\t\t\t\t\t\t\t<div class=\"elementor-swiper\">\n\t\t\t\t\t<div class=\"elementor-slides-wrapper elementor-main-swiper swiper\" role=\"region\" aria-roledescription=\"carousel\" aria-label=\"Slides\" dir=\"ltr\" data-animation=\"fadeInUp\">\n\t\t\t\t<div class=\"swiper-wrapper elementor-slides\">\n\t\t\t\t\t\t\t\t\t\t<div class=\"elementor-repeater-item-bfa2736 swiper-slide\" role=\"group\" aria-roledescription=\"slide\"><div class=\"swiper-slide-bg elementor-ken-burns elementor-ken-burns--in\" role=\"img\"><\/div><div class=\"swiper-slide-inner\" ><div class=\"swiper-slide-contents\"><\/div><\/div><\/div><div class=\"elementor-repeater-item-d02666b swiper-slide\" role=\"group\" aria-roledescription=\"slide\"><div class=\"swiper-slide-bg elementor-ken-burns elementor-ken-burns--in\" role=\"img\"><\/div><div class=\"swiper-slide-inner\" ><div class=\"swiper-slide-contents\"><\/div><\/div><\/div><div class=\"elementor-repeater-item-5910168 swiper-slide\" role=\"group\" aria-roledescription=\"slide\"><div class=\"swiper-slide-bg elementor-ken-burns elementor-ken-burns--in\" role=\"img\"><\/div><div class=\"swiper-slide-inner\" ><div class=\"swiper-slide-contents\"><\/div><\/div><\/div><div class=\"elementor-repeater-item-f4416e7 swiper-slide\" role=\"group\" aria-roledescription=\"slide\"><div class=\"swiper-slide-bg elementor-ken-burns elementor-ken-burns--in\" role=\"img\"><\/div><div class=\"swiper-slide-inner\" ><div class=\"swiper-slide-contents\"><\/div><\/div><\/div><div class=\"elementor-repeater-item-934668b swiper-slide\" role=\"group\" aria-roledescription=\"slide\"><div class=\"swiper-slide-bg elementor-ken-burns elementor-ken-burns--in\" role=\"img\"><\/div><div class=\"swiper-slide-inner\" ><div class=\"swiper-slide-contents\"><\/div><\/div><\/div><div class=\"elementor-repeater-item-9a87e96 swiper-slide\" role=\"group\" aria-roledescription=\"slide\"><div class=\"swiper-slide-bg elementor-ken-burns elementor-ken-burns--in\" role=\"img\"><\/div><div class=\"swiper-slide-inner\" ><div class=\"swiper-slide-contents\"><\/div><\/div><\/div>\t\t\t\t<\/div>\n\t\t\t\t\t\t\t\t\t\t\t\t\t\t\t<div class=\"elementor-swiper-button elementor-swiper-button-prev\" role=\"button\" tabindex=\"0\" aria-label=\"Vorheriger Slide\">\n\t\t\t\t\t\t\t<svg aria-hidden=\"true\" class=\"e-font-icon-svg e-eicon-chevron-left\" viewBox=\"0 0 1000 1000\" xmlns=\"http:\/\/www.w3.org\/2000\/svg\"><path d=\"M646 125C629 125 613 133 604 142L308 442C296 454 292 471 292 487 292 504 296 521 308 533L604 854C617 867 629 875 646 875 663 875 679 871 692 858 704 846 713 829 713 812 713 796 708 779 692 767L438 487 692 225C700 217 708 204 708 187 708 171 704 154 692 142 675 129 663 125 646 125Z\"><\/path><\/svg>\t\t\t\t\t\t<\/div>\n\t\t\t\t\t\t<div class=\"elementor-swiper-button elementor-swiper-button-next\" role=\"button\" tabindex=\"0\" aria-label=\"N\u00e4chster Slide\">\n\t\t\t\t\t\t\t<svg aria-hidden=\"true\" class=\"e-font-icon-svg e-eicon-chevron-right\" viewBox=\"0 0 1000 1000\" xmlns=\"http:\/\/www.w3.org\/2000\/svg\"><path d=\"M696 533C708 521 713 504 713 487 713 471 708 454 696 446L400 146C388 133 375 125 354 125 338 125 325 129 313 142 300 154 292 171 292 187 292 204 296 221 308 233L563 492 304 771C292 783 288 800 288 817 288 833 296 850 308 863 321 871 338 875 354 875 371 875 388 867 400 854L696 533Z\"><\/path><\/svg>\t\t\t\t\t\t<\/div>\n\t\t\t\t\t\t\t\t\t\t\t\t\t\t\t\t\t<\/div>\n\t\t\t\t<\/div>\n\t\t\t\t\t\t\t\t<\/div>\n\t\t\t\t<\/div>\n\t\t\t\t<div class=\"elementor-element elementor-element-7a2ab5f elementor-align-center pulsante-slider elementor-widget elementor-widget-button\" data-id=\"7a2ab5f\" data-element_type=\"widget\" data-e-type=\"widget\" data-widget_type=\"button.default\">\n\t\t\t\t<div class=\"elementor-widget-container\">\n\t\t\t\t\t\t\t\t\t<div class=\"elementor-button-wrapper\">\n\t\t\t\t\t<a class=\"elementor-button elementor-button-link elementor-size-sm\" href=\"#intro\">\n\t\t\t\t\t\t<span class=\"elementor-button-content-wrapper\">\n\t\t\t\t\t\t<span class=\"elementor-button-icon\">\n\t\t\t\t<svg xmlns=\"http:\/\/www.w3.org\/2000\/svg\" viewBox=\"0 0 512 512\"><path d=\"M351 207L256 302.1L160.1 207c-9.375-9.375-24.56-9.375-33.94 0s-9.375 24.56 0 33.94l112 112C243.7 357.7 249.8 360 256 360s12.28-2.344 16.97-7.031l112-112c9.375-9.375 9.375-24.56 0-33.94S360.4 197.7 351 207zM256 0C114.6 0 0 114.6 0 256s114.6 256 256 256s256-114.6 256-256S397.4 0 256 0zM256 464c-114.7 0-208-93.31-208-208S141.3 48 256 48s208 93.31 208 208S370.7 464 256 464z\"><\/path><\/svg>\t\t\t<\/span>\n\t\t\t\t\t\t\t\t<\/span>\n\t\t\t\t\t<\/a>\n\t\t\t\t<\/div>\n\t\t\t\t\t\t\t\t<\/div>\n\t\t\t\t<\/div>\n\t\t\t\t<\/div>\n\t\t<div class=\"elementor-element elementor-element-366a7c2 animated-fast e-flex e-con-boxed elementor-invisible e-con e-parent\" data-id=\"366a7c2\" data-element_type=\"container\" data-e-type=\"container\" data-settings=\"{&quot;animation&quot;:&quot;fadeIn&quot;}\">\n\t\t\t\t\t<div class=\"e-con-inner\">\n\t\t\t\t<div class=\"elementor-element elementor-element-90baa7f elementor-absolute elementor-widget elementor-widget-menu-anchor\" data-id=\"90baa7f\" data-element_type=\"widget\" data-e-type=\"widget\" data-settings=\"{&quot;_position&quot;:&quot;absolute&quot;}\" data-widget_type=\"menu-anchor.default\">\n\t\t\t\t<div class=\"elementor-widget-container\">\n\t\t\t\t\t\t\t<div class=\"elementor-menu-anchor\" id=\"intro\"><\/div>\n\t\t\t\t\t\t<\/div>\n\t\t\t\t<\/div>\n\t\t\t\t<div class=\"elementor-element elementor-element-a268ce0 elementor-widget elementor-widget-heading\" data-id=\"a268ce0\" data-element_type=\"widget\" data-e-type=\"widget\" data-widget_type=\"heading.default\">\n\t\t\t\t<div class=\"elementor-widget-container\">\n\t\t\t\t\t<h1 class=\"elementor-heading-title elementor-size-default\">Marco und Alba Reiseberichte<\/h1>\t\t\t\t<\/div>\n\t\t\t\t<\/div>\n\t\t\t\t<div class=\"elementor-element elementor-element-ac43053 elementor-widget__width-inherit elementor-absolute elementor-hidden-tablet elementor-hidden-mobile elementor-widget elementor-widget-heading\" data-id=\"ac43053\" data-element_type=\"widget\" data-e-type=\"widget\" data-settings=\"{&quot;_position&quot;:&quot;absolute&quot;}\" data-widget_type=\"heading.default\">\n\t\t\t\t<div class=\"elementor-widget-container\">\n\t\t\t\t\t<span class=\"elementor-heading-title elementor-size-default\">Reiseberichte<\/span>\t\t\t\t<\/div>\n\t\t\t\t<\/div>\n\t\t\t\t<div class=\"elementor-element elementor-element-85f89d1 elementor-widget elementor-widget-heading\" data-id=\"85f89d1\" data-element_type=\"widget\" data-e-type=\"widget\" data-widget_type=\"heading.default\">\n\t\t\t\t<div class=\"elementor-widget-container\">\n\t\t\t\t\t<h2 class=\"elementor-heading-title elementor-size-default\">Die besten Touren von denen getestet, die Gabicce schon immer gelebt!<\/h2>\t\t\t\t<\/div>\n\t\t\t\t<\/div>\n\t\t\t\t\t<\/div>\n\t\t\t\t<\/div>\n\t\t<div class=\"elementor-element elementor-element-7403b81 e-grid animated-fast e-con-boxed elementor-invisible e-con e-parent\" data-id=\"7403b81\" data-element_type=\"container\" data-e-type=\"container\" data-settings=\"{&quot;animation&quot;:&quot;fadeIn&quot;}\">\n\t\t\t\t\t<div class=\"e-con-inner\">\n\t\t<div class=\"elementor-element elementor-element-36d07d5 e-con-full e-flex e-con e-child\" data-id=\"36d07d5\" data-element_type=\"container\" data-e-type=\"container\">\n\t\t\t\t<div class=\"elementor-element elementor-element-30c6dbe elementor-widget elementor-widget-heading\" data-id=\"30c6dbe\" data-element_type=\"widget\" data-e-type=\"widget\" data-widget_type=\"heading.default\">\n\t\t\t\t<div class=\"elementor-widget-container\">\n\t\t\t\t\t<h3 class=\"elementor-heading-title elementor-size-default\">Ein Fu\u00dfmarsch zu den Toren von San Bartolo<\/h3>\t\t\t\t<\/div>\n\t\t\t\t<\/div>\n\t\t\t\t<div class=\"elementor-element elementor-element-f7fe965 elementor-widget elementor-widget-text-editor\" data-id=\"f7fe965\" data-element_type=\"widget\" data-e-type=\"widget\" data-widget_type=\"text-editor.default\">\n\t\t\t\t<div class=\"elementor-widget-container\">\n\t\t\t\t\t\t\t\t\t<p>Schlendern Sie entlang des Strandes bis hin zur historischen Freitreppe von Gabicce Mare. Halten Sie sich nun links in Richtung Gabicce Monte. Nachdem Sie linkerhand das ber\u00fchmte \u201eBaia Imperiale\u201c passiert haben werden Sie einen Ort der Besinnlichkeit von Anh\u00e4ngern des Padre Pio\u00b4s finden. Doch erklimmen Sie weiter die Strecke um in die Ortschaft Gabicce Monte zu gelangen. Von dort haben Sie einen wundersch\u00f6nen Blick auf die Bucht von Gabicce Mare. Das Dorf selbst verteilt sich hinter dem Hauptplatz. Etwas unterhalb, nahe der Tennispl\u00e4tze, gibt es die M\u00f6glichkeit auch einen anderen Weg durch die Landschaft zu nehmen.<\/p>\n<p><em><strong>Unser Tipp<\/strong><\/em>: bequeme Schuhe und nat\u00fcrlich eine Kamera<\/p>\n\t\t\t\t\t\t\t\t<\/div>\n\t\t\t\t<\/div>\n\t\t\t\t<\/div>\n\t\t<div class=\"elementor-element elementor-element-340c10d e-con-full e-flex e-con e-child\" data-id=\"340c10d\" data-element_type=\"container\" data-e-type=\"container\" data-settings=\"{&quot;background_background&quot;:&quot;classic&quot;}\">\n\t\t\t\t<\/div>\n\t\t<div class=\"elementor-element elementor-element-973e6ae e-con-full e-flex e-con e-child\" data-id=\"973e6ae\" data-element_type=\"container\" data-e-type=\"container\">\n\t\t\t\t<div class=\"elementor-element elementor-element-d894c52 elementor-widget elementor-widget-heading\" data-id=\"d894c52\" data-element_type=\"widget\" data-e-type=\"widget\" data-widget_type=\"heading.default\">\n\t\t\t\t<div class=\"elementor-widget-container\">\n\t\t\t\t\t<h3 class=\"elementor-heading-title elementor-size-default\">Eine Fahrradtour durch die Marche und Romagna<\/h3>\t\t\t\t<\/div>\n\t\t\t\t<\/div>\n\t\t\t\t<div class=\"elementor-element elementor-element-e6429d5 elementor-widget elementor-widget-text-editor\" data-id=\"e6429d5\" data-element_type=\"widget\" data-e-type=\"widget\" data-widget_type=\"text-editor.default\">\n\t\t\t\t<div class=\"elementor-widget-container\">\n\t\t\t\t\t\t\t\t\t<p>Starten Sie am Morgen direkt vor dem Hotel mit eines unserer Fahrr\u00e4der. Einfach in Richtung Hafen, \u00fcber die Fu\u00dfg\u00e4ngerbr\u00fccke entlang des Kanals der Handelsmarine und der Strandpromenade in Richtung Cattolica. Von nun an nur noch gerade aus uns Sie gelangen zum Aquarium \u201eParco Le Navi\u201c, ein St\u00fcck weiter nach Riccione finden Sie den Porto Verde (ein Wahrzeichen f\u00fcr Wassersport). Von dort aus gelangen Sie auch nach Misano Adriatico.<\/p>\n<p><em><strong>Unser Tipp<\/strong><\/em>: eine kleine Flasche Wasser<\/p>\n\t\t\t\t\t\t\t\t<\/div>\n\t\t\t\t<\/div>\n\t\t\t\t<\/div>\n\t\t<div class=\"elementor-element elementor-element-d196f17 e-con-full e-flex e-con e-child\" data-id=\"d196f17\" data-element_type=\"container\" data-e-type=\"container\" data-settings=\"{&quot;background_background&quot;:&quot;classic&quot;}\">\n\t\t\t\t<\/div>\n\t\t<div class=\"elementor-element elementor-element-4fd9921 e-con-full e-flex e-con e-child\" data-id=\"4fd9921\" data-element_type=\"container\" data-e-type=\"container\">\n\t\t\t\t<div class=\"elementor-element elementor-element-4a95039 elementor-widget elementor-widget-heading\" data-id=\"4a95039\" data-element_type=\"widget\" data-e-type=\"widget\" data-widget_type=\"heading.default\">\n\t\t\t\t<div class=\"elementor-widget-container\">\n\t\t\t\t\t<h3 class=\"elementor-heading-title elementor-size-default\">Ein Spaziergang durch den Hafen und dabei beobachten Sie die R\u00fcckkehr der Fischerboote<\/h3>\t\t\t\t<\/div>\n\t\t\t\t<\/div>\n\t\t\t\t<div class=\"elementor-element elementor-element-9d68193 elementor-widget elementor-widget-text-editor\" data-id=\"9d68193\" data-element_type=\"widget\" data-e-type=\"widget\" data-widget_type=\"text-editor.default\">\n\t\t\t\t<div class=\"elementor-widget-container\">\n\t\t\t\t\t\t\t\t\t<p>In der Regel k\u00f6nnen Sie zwischen 7 und 7.30 Uhr beobachten wie die Fischerboote zur\u00fcck in den Hafen kehren. Auf der Seite von Cattolica k\u00f6nnen Sie beobachten wie die Boote festgemacht werden. Diese be- und entladen werden; sowie der frische Fisch nun an alle Fischgesch\u00e4fte in ganz Italien verteilt wird. Vergessen Sie aber nicht noch einen Kaffee in einer Bars der Seemannsleuten zu trinken. Es ist immer wieder ein Erlebnis.<\/p>\n<p><em><strong>Unser Tipp<\/strong><\/em>: Nat\u00fcrlich der Fotoapparat<\/p>\n\t\t\t\t\t\t\t\t<\/div>\n\t\t\t\t<\/div>\n\t\t\t\t<\/div>\n\t\t<div class=\"elementor-element elementor-element-fc5e0f9 e-con-full e-flex e-con e-child\" data-id=\"fc5e0f9\" data-element_type=\"container\" data-e-type=\"container\" data-settings=\"{&quot;background_background&quot;:&quot;classic&quot;}\">\n\t\t\t\t<\/div>\n\t\t<div class=\"elementor-element elementor-element-7ff8e27 e-con-full e-flex e-con e-child\" data-id=\"7ff8e27\" data-element_type=\"container\" data-e-type=\"container\">\n\t\t\t\t<div class=\"elementor-element elementor-element-1fd9cc5 elementor-widget elementor-widget-heading\" data-id=\"1fd9cc5\" data-element_type=\"widget\" data-e-type=\"widget\" data-widget_type=\"heading.default\">\n\t\t\t\t<div class=\"elementor-widget-container\">\n\t\t\t\t\t<h3 class=\"elementor-heading-title elementor-size-default\">Ein Spaziergang entlang der Promenade am Meer?<\/h3>\t\t\t\t<\/div>\n\t\t\t\t<\/div>\n\t\t\t\t<div class=\"elementor-element elementor-element-769e7c2 elementor-widget elementor-widget-text-editor\" data-id=\"769e7c2\" data-element_type=\"widget\" data-e-type=\"widget\" data-widget_type=\"text-editor.default\">\n\t\t\t\t<div class=\"elementor-widget-container\">\n\t\t\t\t\t\t\t\t\t<p>Der klassische Zeitvertreib am Morgen! Starten Sie vom Hotel in Richtung Gabicce Monte. Entlang der K\u00fcstenlinie k\u00f6nnen Sie das Schauspiel des Sonnenaufgang geniessen und die Wirkung der Ebbe am Sand beobachten. Wenn Sie m\u00f6chten k\u00f6nnen Sie dies zu einer Wanderung erweitern und rechts den Berg hinauf marschieren. Verpassen Sie aber nicht das ein oder andere Wahrzeichen. Auf dem R\u00fcckweg k\u00f6nnten Sie auch im Wasser gehen. Das Wasser bis zu den Knien ist Segen f\u00fcr den Kreislauf und auch eine gute \u00dcbung um fit zu bleiben.<\/p>\n<p><em><strong>Unser Tipp<\/strong><\/em>: Gummisandalen<\/p>\n\t\t\t\t\t\t\t\t<\/div>\n\t\t\t\t<\/div>\n\t\t\t\t<\/div>\n\t\t<div class=\"elementor-element elementor-element-5cbc8f3 e-con-full e-flex e-con e-child\" data-id=\"5cbc8f3\" data-element_type=\"container\" data-e-type=\"container\" data-settings=\"{&quot;background_background&quot;:&quot;classic&quot;}\">\n\t\t\t\t<\/div>\n\t\t<div class=\"elementor-element elementor-element-016939e e-con-full e-flex e-con e-child\" data-id=\"016939e\" data-element_type=\"container\" data-e-type=\"container\">\n\t\t\t\t<div class=\"elementor-element elementor-element-6c60091 elementor-widget elementor-widget-heading\" data-id=\"6c60091\" data-element_type=\"widget\" data-e-type=\"widget\" data-widget_type=\"heading.default\">\n\t\t\t\t<div class=\"elementor-widget-container\">\n\t\t\t\t\t<h3 class=\"elementor-heading-title elementor-size-default\">Besuchen Sie das Dorf Gradara<\/h3>\t\t\t\t<\/div>\n\t\t\t\t<\/div>\n\t\t\t\t<div class=\"elementor-element elementor-element-3801c8a elementor-widget elementor-widget-text-editor\" data-id=\"3801c8a\" data-element_type=\"widget\" data-e-type=\"widget\" data-widget_type=\"text-editor.default\">\n\t\t\t\t<div class=\"elementor-widget-container\">\n\t\t\t\t\t\t\t\t\t<p>Ausgezeichnete Wanderwege bieten sich an um am sp\u00e4ten Nachmittag oder nach dem Abendessen einen romantischen Spaziergang zu geniessen.<\/p>\n<p>Das Dorf Gradara ist in der Tat einer der meist betuchtesten Orte der Marche.<br \/>Es w\u00e4re eine Schande nicht auch ein wenig Zeit innerhalb der Mauern dieser Burg zu verbringen.<\/p>\n<p><em><strong>Unser Tipp<\/strong><\/em>: innerhalb von 20 Minuten mit \u00f6ffentlichen Verkehrsmitteln erreichbar<\/p>\n\t\t\t\t\t\t\t\t<\/div>\n\t\t\t\t<\/div>\n\t\t\t\t<\/div>\n\t\t<div class=\"elementor-element elementor-element-c4b40a9 e-con-full e-flex e-con e-child\" data-id=\"c4b40a9\" data-element_type=\"container\" data-e-type=\"container\" data-settings=\"{&quot;background_background&quot;:&quot;classic&quot;}\">\n\t\t\t\t<\/div>\n\t\t\t\t\t<\/div>\n\t\t\t\t<\/div>\n\t\t<div class=\"elementor-element elementor-element-55d343d elementor-hidden-mobile e-flex e-con-boxed e-con e-parent\" data-id=\"55d343d\" data-element_type=\"container\" data-e-type=\"container\" data-settings=\"{&quot;background_background&quot;:&quot;classic&quot;}\">\n\t\t\t\t\t<div class=\"e-con-inner\">\n\t\t\t\t\t<\/div>\n\t\t\t\t<\/div>\n\t\t<div class=\"elementor-element elementor-element-40d83e9 e-con-full animated-fast e-flex elementor-invisible e-con e-child\" data-id=\"40d83e9\" data-element_type=\"container\" data-e-type=\"container\" data-settings=\"{&quot;animation&quot;:&quot;fadeIn&quot;}\">\n\t\t<div class=\"elementor-element elementor-element-e6a452c e-con-full animated-fast e-flex elementor-invisible e-con e-child\" data-id=\"e6a452c\" data-element_type=\"container\" data-e-type=\"container\" data-settings=\"{&quot;background_background&quot;:&quot;classic&quot;,&quot;animation&quot;:&quot;fadeInLeft&quot;}\">\n\t\t\t\t<\/div>\n\t\t<div class=\"elementor-element elementor-element-71f245a e-con-full animated-fast e-flex elementor-invisible e-con e-child\" data-id=\"71f245a\" data-element_type=\"container\" data-e-type=\"container\" data-settings=\"{&quot;background_background&quot;:&quot;classic&quot;,&quot;background_motion_fx_motion_fx_scrolling&quot;:&quot;yes&quot;,&quot;animation&quot;:&quot;fadeInRight&quot;,&quot;animation_delay&quot;:0,&quot;animation_tablet&quot;:&quot;fadeIn&quot;,&quot;background_motion_fx_devices&quot;:[&quot;desktop&quot;,&quot;laptop&quot;,&quot;tablet_extra&quot;,&quot;tablet&quot;,&quot;mobile&quot;]}\">\n\t\t\t\t<div class=\"elementor-element elementor-element-ccde02b elementor-widget elementor-widget-text-editor\" data-id=\"ccde02b\" data-element_type=\"widget\" data-e-type=\"widget\" data-widget_type=\"text-editor.default\">\n\t\t\t\t<div class=\"elementor-widget-container\">\n\t\t\t\t\t\t\t\t\t<h3>Jede Menge Ideen, oder? Es gibt so viele M\u00f6glichkeiten, das Urlaubserlebnis noch mehr zu genie\u00dfen!<\/h3>\n<p>Wussten Sie, dass es in den Marken 500 Pl\u00e4tze in den historischen Zentren der Kunstst\u00e4dte gibt, 200 romanische Kirchen, 7 arch\u00e4ologische Parks, 400 Museen, 70 historische Theater, 315 Bibliotheken. Villa Imperiale und die Mole Vanvitelliana.<\/p>\n<h4>Vergessen Sie nicht, an der Rezeption nach den Reisehinweisen des Hotel Nobel zu fragen, mit Tipps von Alba und Marco<\/h4>\n\t\t\t\t\t\t\t\t<\/div>\n\t\t\t\t<\/div>\n\t\t\t\t<\/div>\n\t\t\t\t<\/div>\n\t\t<div class=\"elementor-element elementor-element-9297d5b elementor-hidden-mobile e-flex e-con-boxed e-con e-parent\" data-id=\"9297d5b\" data-element_type=\"container\" data-e-type=\"container\" data-settings=\"{&quot;background_background&quot;:&quot;classic&quot;}\">\n\t\t\t\t\t<div class=\"e-con-inner\">\n\t\t\t\t\t<\/div>\n\t\t\t\t<\/div>\n\t\t\t\t<\/div>\n\t\t","protected":false},"excerpt":{"rendered":"<p>Marco und Alba Reiseberichte Reiseberichte Die besten Touren von denen getestet, die Gabicce schon immer gelebt! Ein Fu\u00dfmarsch zu den Toren von San Bartolo Schlendern Sie entlang des Strandes bis hin zur historischen Freitreppe von Gabicce Mare. Halten Sie sich nun links in Richtung Gabicce Monte. Nachdem Sie linkerhand das ber\u00fchmte \u201eBaia Imperiale\u201c passiert haben [&hellip;]<\/p>\n","protected":false},"author":2,"featured_media":0,"parent":0,"menu_order":0,"comment_status":"closed","ping_status":"closed","template":"","meta":{"_acf_changed":false,"footnotes":""},"class_list":["post-4983","page","type-page","status-publish","hentry"],"acf":[],"_links":{"self":[{"href":"https:\/\/www.hotelnobel.it\/de\/wp-json\/wp\/v2\/pages\/4983","targetHints":{"allow":["GET"]}}],"collection":[{"href":"https:\/\/www.hotelnobel.it\/de\/wp-json\/wp\/v2\/pages"}],"about":[{"href":"https:\/\/www.hotelnobel.it\/de\/wp-json\/wp\/v2\/types\/page"}],"author":[{"embeddable":true,"href":"https:\/\/www.hotelnobel.it\/de\/wp-json\/wp\/v2\/users\/2"}],"replies":[{"embeddable":true,"href":"https:\/\/www.hotelnobel.it\/de\/wp-json\/wp\/v2\/comments?post=4983"}],"version-history":[{"count":2,"href":"https:\/\/www.hotelnobel.it\/de\/wp-json\/wp\/v2\/pages\/4983\/revisions"}],"predecessor-version":[{"id":5207,"href":"https:\/\/www.hotelnobel.it\/de\/wp-json\/wp\/v2\/pages\/4983\/revisions\/5207"}],"wp:attachment":[{"href":"https:\/\/www.hotelnobel.it\/de\/wp-json\/wp\/v2\/media?parent=4983"}],"curies":[{"name":"wp","href":"https:\/\/api.w.org\/{rel}","templated":true}]}}