{"id":4991,"date":"2025-04-09T09:55:58","date_gmt":"2025-04-09T07:55:58","guid":{"rendered":"https:\/\/www.hotelnobel.it\/gabicce-e-dintorni\/"},"modified":"2025-04-14T16:19:00","modified_gmt":"2025-04-14T14:19:00","slug":"gabicce-umgebung","status":"publish","type":"page","link":"https:\/\/www.hotelnobel.it\/de\/gabicce-umgebung\/","title":{"rendered":"Gabicce e dintorni"},"content":{"rendered":"\t\t<div data-elementor-type=\"wp-page\" data-elementor-id=\"4991\" class=\"elementor elementor-4991 elementor-3861\" data-elementor-post-type=\"page\">\n\t\t\t\t<div class=\"elementor-element elementor-element-b9d5f53 e-con-full slidertop e-flex e-con e-parent\" data-id=\"b9d5f53\" data-element_type=\"container\" data-e-type=\"container\">\n\t\t\t\t<div class=\"elementor-element elementor-element-99df74a elementor--v-position-bottom elementor--h-position-center elementor-arrows-position-inside elementor-widget elementor-widget-slides\" data-id=\"99df74a\" data-element_type=\"widget\" data-e-type=\"widget\" data-settings=\"{&quot;navigation&quot;:&quot;arrows&quot;,&quot;transition&quot;:&quot;fade&quot;,&quot;autoplay&quot;:&quot;yes&quot;,&quot;pause_on_hover&quot;:&quot;yes&quot;,&quot;pause_on_interaction&quot;:&quot;yes&quot;,&quot;autoplay_speed&quot;:5000,&quot;infinite&quot;:&quot;yes&quot;,&quot;transition_speed&quot;:500}\" data-widget_type=\"slides.default\">\n\t\t\t\t<div class=\"elementor-widget-container\">\n\t\t\t\t\t\t\t\t\t<div class=\"elementor-swiper\">\n\t\t\t\t\t<div class=\"elementor-slides-wrapper elementor-main-swiper swiper\" role=\"region\" aria-roledescription=\"carousel\" aria-label=\"Slides\" dir=\"ltr\" data-animation=\"fadeInUp\">\n\t\t\t\t<div class=\"swiper-wrapper elementor-slides\">\n\t\t\t\t\t\t\t\t\t\t<div class=\"elementor-repeater-item-a6b1944 swiper-slide\" role=\"group\" aria-roledescription=\"slide\"><div class=\"swiper-slide-bg elementor-ken-burns elementor-ken-burns--in\" role=\"img\"><\/div><div class=\"elementor-background-overlay\"><\/div><div class=\"swiper-slide-inner\" ><div class=\"swiper-slide-contents\"><\/div><\/div><\/div><div class=\"elementor-repeater-item-a996ee4 swiper-slide\" role=\"group\" aria-roledescription=\"slide\"><div class=\"swiper-slide-bg elementor-ken-burns elementor-ken-burns--in\" role=\"img\"><\/div><div class=\"elementor-background-overlay\"><\/div><div class=\"swiper-slide-inner\" ><div class=\"swiper-slide-contents\"><\/div><\/div><\/div><div class=\"elementor-repeater-item-8a726ad swiper-slide\" role=\"group\" aria-roledescription=\"slide\"><div class=\"swiper-slide-bg elementor-ken-burns elementor-ken-burns--in\" role=\"img\"><\/div><div class=\"elementor-background-overlay\"><\/div><div class=\"swiper-slide-inner\" ><div class=\"swiper-slide-contents\"><\/div><\/div><\/div><div class=\"elementor-repeater-item-7e7680e swiper-slide\" role=\"group\" aria-roledescription=\"slide\"><div class=\"swiper-slide-bg elementor-ken-burns elementor-ken-burns--in\" role=\"img\"><\/div><div class=\"elementor-background-overlay\"><\/div><div class=\"swiper-slide-inner\" ><div class=\"swiper-slide-contents\"><\/div><\/div><\/div><div class=\"elementor-repeater-item-fd35d83 swiper-slide\" role=\"group\" aria-roledescription=\"slide\"><div class=\"swiper-slide-bg elementor-ken-burns elementor-ken-burns--in\" role=\"img\"><\/div><div class=\"elementor-background-overlay\"><\/div><div class=\"swiper-slide-inner\" ><div class=\"swiper-slide-contents\"><\/div><\/div><\/div><div class=\"elementor-repeater-item-238fa79 swiper-slide\" role=\"group\" aria-roledescription=\"slide\"><div class=\"swiper-slide-bg elementor-ken-burns elementor-ken-burns--in\" role=\"img\"><\/div><div class=\"elementor-background-overlay\"><\/div><div class=\"swiper-slide-inner\" ><div class=\"swiper-slide-contents\"><\/div><\/div><\/div><div class=\"elementor-repeater-item-43c2c46 swiper-slide\" role=\"group\" aria-roledescription=\"slide\"><div class=\"swiper-slide-bg elementor-ken-burns elementor-ken-burns--in\" role=\"img\"><\/div><div class=\"elementor-background-overlay\"><\/div><div class=\"swiper-slide-inner\" ><div class=\"swiper-slide-contents\"><\/div><\/div><\/div><div class=\"elementor-repeater-item-d0e884b swiper-slide\" role=\"group\" aria-roledescription=\"slide\"><div class=\"swiper-slide-bg elementor-ken-burns elementor-ken-burns--in\" role=\"img\"><\/div><div class=\"swiper-slide-inner\" ><div class=\"swiper-slide-contents\"><\/div><\/div><\/div><div class=\"elementor-repeater-item-e7da0a2 swiper-slide\" role=\"group\" aria-roledescription=\"slide\"><div class=\"swiper-slide-bg elementor-ken-burns elementor-ken-burns--in\" role=\"img\"><\/div><div class=\"swiper-slide-inner\" ><div class=\"swiper-slide-contents\"><\/div><\/div><\/div>\t\t\t\t<\/div>\n\t\t\t\t\t\t\t\t\t\t\t\t\t\t\t<div class=\"elementor-swiper-button elementor-swiper-button-prev\" role=\"button\" tabindex=\"0\" aria-label=\"Vorheriger Slide\">\n\t\t\t\t\t\t\t<svg aria-hidden=\"true\" class=\"e-font-icon-svg e-eicon-chevron-left\" viewBox=\"0 0 1000 1000\" xmlns=\"http:\/\/www.w3.org\/2000\/svg\"><path d=\"M646 125C629 125 613 133 604 142L308 442C296 454 292 471 292 487 292 504 296 521 308 533L604 854C617 867 629 875 646 875 663 875 679 871 692 858 704 846 713 829 713 812 713 796 708 779 692 767L438 487 692 225C700 217 708 204 708 187 708 171 704 154 692 142 675 129 663 125 646 125Z\"><\/path><\/svg>\t\t\t\t\t\t<\/div>\n\t\t\t\t\t\t<div class=\"elementor-swiper-button elementor-swiper-button-next\" role=\"button\" tabindex=\"0\" aria-label=\"N\u00e4chster Slide\">\n\t\t\t\t\t\t\t<svg aria-hidden=\"true\" class=\"e-font-icon-svg e-eicon-chevron-right\" viewBox=\"0 0 1000 1000\" xmlns=\"http:\/\/www.w3.org\/2000\/svg\"><path d=\"M696 533C708 521 713 504 713 487 713 471 708 454 696 446L400 146C388 133 375 125 354 125 338 125 325 129 313 142 300 154 292 171 292 187 292 204 296 221 308 233L563 492 304 771C292 783 288 800 288 817 288 833 296 850 308 863 321 871 338 875 354 875 371 875 388 867 400 854L696 533Z\"><\/path><\/svg>\t\t\t\t\t\t<\/div>\n\t\t\t\t\t\t\t\t\t\t\t\t\t\t\t\t\t<\/div>\n\t\t\t\t<\/div>\n\t\t\t\t\t\t\t\t<\/div>\n\t\t\t\t<\/div>\n\t\t\t\t<div class=\"elementor-element elementor-element-f7df388 elementor-align-center pulsante-slider elementor-widget elementor-widget-button\" data-id=\"f7df388\" data-element_type=\"widget\" data-e-type=\"widget\" data-widget_type=\"button.default\">\n\t\t\t\t<div class=\"elementor-widget-container\">\n\t\t\t\t\t\t\t\t\t<div class=\"elementor-button-wrapper\">\n\t\t\t\t\t<a class=\"elementor-button elementor-button-link elementor-size-sm\" href=\"#intro\">\n\t\t\t\t\t\t<span class=\"elementor-button-content-wrapper\">\n\t\t\t\t\t\t<span class=\"elementor-button-icon\">\n\t\t\t\t<svg xmlns=\"http:\/\/www.w3.org\/2000\/svg\" viewBox=\"0 0 512 512\"><path d=\"M351 207L256 302.1L160.1 207c-9.375-9.375-24.56-9.375-33.94 0s-9.375 24.56 0 33.94l112 112C243.7 357.7 249.8 360 256 360s12.28-2.344 16.97-7.031l112-112c9.375-9.375 9.375-24.56 0-33.94S360.4 197.7 351 207zM256 0C114.6 0 0 114.6 0 256s114.6 256 256 256s256-114.6 256-256S397.4 0 256 0zM256 464c-114.7 0-208-93.31-208-208S141.3 48 256 48s208 93.31 208 208S370.7 464 256 464z\"><\/path><\/svg>\t\t\t<\/span>\n\t\t\t\t\t\t\t\t<\/span>\n\t\t\t\t\t<\/a>\n\t\t\t\t<\/div>\n\t\t\t\t\t\t\t\t<\/div>\n\t\t\t\t<\/div>\n\t\t\t\t<\/div>\n\t\t<div class=\"elementor-element elementor-element-b1719b5 animated-fast e-flex e-con-boxed elementor-invisible e-con e-parent\" data-id=\"b1719b5\" data-element_type=\"container\" data-e-type=\"container\" data-settings=\"{&quot;animation&quot;:&quot;fadeIn&quot;}\">\n\t\t\t\t\t<div class=\"e-con-inner\">\n\t\t\t\t<div class=\"elementor-element elementor-element-774f1c5 elementor-absolute elementor-widget elementor-widget-menu-anchor\" data-id=\"774f1c5\" data-element_type=\"widget\" data-e-type=\"widget\" data-settings=\"{&quot;_position&quot;:&quot;absolute&quot;}\" data-widget_type=\"menu-anchor.default\">\n\t\t\t\t<div class=\"elementor-widget-container\">\n\t\t\t\t\t\t\t<div class=\"elementor-menu-anchor\" id=\"intro\"><\/div>\n\t\t\t\t\t\t<\/div>\n\t\t\t\t<\/div>\n\t\t\t\t<div class=\"elementor-element elementor-element-bbfac0f elementor-widget elementor-widget-heading\" data-id=\"bbfac0f\" data-element_type=\"widget\" data-e-type=\"widget\" data-widget_type=\"heading.default\">\n\t\t\t\t<div class=\"elementor-widget-container\">\n\t\t\t\t\t<h1 class=\"elementor-heading-title elementor-size-default\">Gabicce und Umgebung<\/h1>\t\t\t\t<\/div>\n\t\t\t\t<\/div>\n\t\t\t\t<div class=\"elementor-element elementor-element-e0e9085 elementor-widget__width-inherit elementor-absolute elementor-hidden-tablet elementor-hidden-mobile elementor-widget elementor-widget-heading\" data-id=\"e0e9085\" data-element_type=\"widget\" data-e-type=\"widget\" data-settings=\"{&quot;_position&quot;:&quot;absolute&quot;}\" data-widget_type=\"heading.default\">\n\t\t\t\t<div class=\"elementor-widget-container\">\n\t\t\t\t\t<span class=\"elementor-heading-title elementor-size-default\">Gabicce und Umgebung<\/span>\t\t\t\t<\/div>\n\t\t\t\t<\/div>\n\t\t\t\t<div class=\"elementor-element elementor-element-3617d6d elementor-widget elementor-widget-heading\" data-id=\"3617d6d\" data-element_type=\"widget\" data-e-type=\"widget\" data-widget_type=\"heading.default\">\n\t\t\t\t<div class=\"elementor-widget-container\">\n\t\t\t\t\t<h2 class=\"elementor-heading-title elementor-size-default\">So erleben wir Gabicce...<\/h2>\t\t\t\t<\/div>\n\t\t\t\t<\/div>\n\t\t\t\t<div class=\"elementor-element elementor-element-e81b727 elementor-widget elementor-widget-text-editor\" data-id=\"e81b727\" data-element_type=\"widget\" data-e-type=\"widget\" data-widget_type=\"text-editor.default\">\n\t\t\t\t<div class=\"elementor-widget-container\">\n\t\t\t\t\t\t\t\t\t<p><strong>Gabicce Mare<\/strong>, Treffpunkt zwischen Meer und H\u00fcgel und an der Grenze von zwei Regionen, der\u00a0<strong>Emilia-Romagna<\/strong>\u00a0und den\u00a0<em>Marken<\/em>, bietet ganz viele Tipps f\u00fcr einen Urlaub im Zeichen des Meeres und der Entspannung, aber auch der Kultur, der Weingastronomie und vieler Aktivit\u00e4ten im Kontakt mit der Natur.<\/p>\n<p>Mehrmals mit der<strong>\u00a0&#8222;Blauen Flagge&#8220;\u00a0<\/strong>ausgezeichnet f\u00fcr die Sch\u00f6nheit des Meeres, Gabicce ist Teil des\u00a0<strong>Naturparks San Bartolo<\/strong>, und bietet vom Gipfel von\u00a0<strong>Gabicce Monte<\/strong>\u00a0ein traumhaftes Panorama der Bucht.<\/p>\n\t\t\t\t\t\t\t\t<\/div>\n\t\t\t\t<\/div>\n\t\t\t\t\t<\/div>\n\t\t\t\t<\/div>\n\t\t<div class=\"elementor-element elementor-element-0dab0f0 e-flex e-con-boxed e-con e-parent\" data-id=\"0dab0f0\" data-element_type=\"container\" data-e-type=\"container\">\n\t\t\t\t\t<div class=\"e-con-inner\">\n\t\t<div class=\"elementor-element elementor-element-d309e37 e-con-full animated-fast e-flex elementor-invisible e-con e-child\" data-id=\"d309e37\" data-element_type=\"container\" data-e-type=\"container\" data-settings=\"{&quot;animation&quot;:&quot;fadeIn&quot;}\">\n\t\t<div class=\"elementor-element elementor-element-f727985 e-con-full animated-fast e-flex elementor-invisible e-con e-child\" data-id=\"f727985\" data-element_type=\"container\" data-e-type=\"container\" data-settings=\"{&quot;background_background&quot;:&quot;classic&quot;,&quot;animation&quot;:&quot;fadeInLeft&quot;}\">\n\t\t\t\t<\/div>\n\t\t<div class=\"elementor-element elementor-element-fb282db e-con-full animated-fast e-flex elementor-invisible e-con e-child\" data-id=\"fb282db\" data-element_type=\"container\" data-e-type=\"container\" data-settings=\"{&quot;background_background&quot;:&quot;classic&quot;,&quot;background_motion_fx_motion_fx_scrolling&quot;:&quot;yes&quot;,&quot;animation&quot;:&quot;fadeInRight&quot;,&quot;animation_delay&quot;:0,&quot;animation_tablet&quot;:&quot;fadeIn&quot;,&quot;background_motion_fx_devices&quot;:[&quot;desktop&quot;,&quot;laptop&quot;,&quot;tablet_extra&quot;,&quot;tablet&quot;,&quot;mobile&quot;]}\">\n\t\t\t\t<div class=\"elementor-element elementor-element-40f21c9 elementor-widget elementor-widget-text-editor\" data-id=\"40f21c9\" data-element_type=\"widget\" data-e-type=\"widget\" data-widget_type=\"text-editor.default\">\n\t\t\t\t<div class=\"elementor-widget-container\">\n\t\t\t\t\t\t\t\t\t<h3>Kultur: zwischen Mittelalter, Tradition und Legende<\/h3><br>Das H\u00fcgelhinterland von\u00a0<strong>Gabicce<\/strong>\u00a0ist reich an historischen und architektonischen Hintergr\u00fcnden aus dem\u00a0<strong>Mittelalter<\/strong>, die sich mit den lokalen Legenden und Traditionen verkn\u00fcpfen.<br>Wenige km von unserem Hotel entfernt befindet sich die\u00a0<strong>Rocca Malatestiana von Gradara<\/strong>; hier finden im Sommer eindrucksvolle mittelalterliche Inszenierungen mit Kost\u00fcmen statt, wie die\u00a0<strong>Burgbelagerung<\/strong>\u00a0in Juli.<br><br>Falls Sie Dorffeste und den Charme von kleinen D\u00f6rfern m\u00f6gen, k\u00f6nnen Sie sich folgende Highlights der H\u00fcgeln von Rimini nicht entgehen lassen:<br><ul class=\"check\">\r\n \t<li><strong>Die Hexennacht<\/strong>\u00a0in\u00a0<strong>San Giovanni in Marignan<\/strong>o (Juni)<\/li>\r\n \t<li>Das\u00a0<strong>800 Festival<\/strong>\u00a0von\u00a0<strong>Saludecio<\/strong>\u00a0(August)<\/li>\r\n \t<li><strong>K\u00fcnstler auf dem Platz\u00a0<\/strong>in\u00a0<strong>Pennabilli<\/strong>\u00a0(Juni)<\/li>\r\n \t<li><strong>Candelara<\/strong><\/li>\r\n \t<li><strong>Montefiore Conca<\/strong><\/li>\r\n<\/ul>\t\t\t\t\t\t\t\t<\/div>\n\t\t\t\t<\/div>\n\t\t\t\t<\/div>\n\t\t\t\t<\/div>\n\t\t<div class=\"elementor-element elementor-element-b981f20 e-con-full e-flex e-con e-child\" data-id=\"b981f20\" data-element_type=\"container\" data-e-type=\"container\">\n\t\t<div class=\"elementor-element elementor-element-493b1f6 e-con-full animated-fast e-flex elementor-invisible e-con e-child\" data-id=\"493b1f6\" data-element_type=\"container\" data-e-type=\"container\" data-settings=\"{&quot;background_background&quot;:&quot;classic&quot;,&quot;background_motion_fx_motion_fx_scrolling&quot;:&quot;yes&quot;,&quot;animation&quot;:&quot;fadeInLeft&quot;,&quot;animation_delay&quot;:0,&quot;animation_tablet&quot;:&quot;fadeIn&quot;,&quot;background_motion_fx_devices&quot;:[&quot;desktop&quot;,&quot;laptop&quot;,&quot;tablet_extra&quot;,&quot;tablet&quot;,&quot;mobile&quot;]}\">\n\t\t\t\t<div class=\"elementor-element elementor-element-2d732fb elementor-widget elementor-widget-text-editor\" data-id=\"2d732fb\" data-element_type=\"widget\" data-e-type=\"widget\" data-widget_type=\"text-editor.default\">\n\t\t\t\t<div class=\"elementor-widget-container\">\n\t\t\t\t\t\t\t\t\t<h3>Spa\u00df f\u00fcr Erwachsene und Kinder<\/h3>\n<p>Die\u00a0<strong>Adriak\u00fcste<\/strong>\u00a0ist die unbestrittene Heimat der Vergn\u00fcgung!<\/p>\n<p>EINKAUFSBUMMEL<br \/>In weniger als 30 Minuten mit dem Auto und sehr gut mit den \u00f6ffentlichen Verkehrsmitteln verbunden, finden Sie\u00a0<strong>Rimini<\/strong>\u00a0und\u00a0<strong>Riccione<\/strong>\u00a0mit den Stra\u00dfen voller Gesch\u00e4fte mit den besten Labels und ganz viele Lokale, wo Sie angenehme Abende zur Abwechslung verbringen k\u00f6nnen!<br \/>Die Shoppingliebhaber werden dann im\u00a0<strong>Einkaufszentrum &#8222;Le Befane<\/strong>&#8220; alles finden, was ihr Herz begehrt: Mehr als 100 Gesch\u00e4fte und ein Multiplex-Kino mit 12 S\u00e4len!<\/p>\n<p>VERGN\u00dcGUNGSPARKS<\/p>\n<p>Schenken Sie Ihren Kindern einen besonderen Tag im Zeichen der Vergn\u00fcgung bei\u00a0<strong>Aquafan<\/strong>, Italiens ber\u00fchmtester Wasserpark. Begleiten Sie Ihre Kinder auf der Suche nach der Natur und der Meereswelt in\u00a0<strong>Oltremare<\/strong>, wo sie die M\u00f6glichkeit haben werden, aus n\u00e4chster N\u00e4he zahlreiche Tierarten zu betrachten und das Delfinleben besser kennenzulernen.<\/p>\n<p><em>Das Schlaraffenland ist hier!<\/em><\/p>\n<p>In Viserba di Rimini werden die Kinder mit Spa\u00df im Themenpark<strong>\u00a0Italia in Miniatura<\/strong>\u00a0lernen. Die Augen Ihrer Kinder werden im Park von Fiabilandia in Rimini Miramare vor Gl\u00fcck strahlen.<\/p>\n\t\t\t\t\t\t\t\t<\/div>\n\t\t\t\t<\/div>\n\t\t\t\t<\/div>\n\t\t<div class=\"elementor-element elementor-element-9347ade e-con-full animated-fast e-flex elementor-invisible e-con e-child\" data-id=\"9347ade\" data-element_type=\"container\" data-e-type=\"container\" data-settings=\"{&quot;background_background&quot;:&quot;classic&quot;,&quot;animation&quot;:&quot;fadeInRight&quot;}\">\n\t\t\t\t<\/div>\n\t\t\t\t<\/div>\n\t\t<div class=\"elementor-element elementor-element-765ae79 e-con-full animated-fast e-flex elementor-invisible e-con e-child\" data-id=\"765ae79\" data-element_type=\"container\" data-e-type=\"container\" data-settings=\"{&quot;animation&quot;:&quot;fadeIn&quot;}\">\n\t\t<div class=\"elementor-element elementor-element-a31f4a8 e-con-full animated-fast e-flex elementor-invisible e-con e-child\" data-id=\"a31f4a8\" data-element_type=\"container\" data-e-type=\"container\" data-settings=\"{&quot;background_background&quot;:&quot;classic&quot;,&quot;animation&quot;:&quot;fadeInLeft&quot;}\">\n\t\t\t\t<\/div>\n\t\t<div class=\"elementor-element elementor-element-247bc3e e-con-full animated-fast e-flex elementor-invisible e-con e-child\" data-id=\"247bc3e\" data-element_type=\"container\" data-e-type=\"container\" data-settings=\"{&quot;background_background&quot;:&quot;classic&quot;,&quot;background_motion_fx_motion_fx_scrolling&quot;:&quot;yes&quot;,&quot;animation&quot;:&quot;fadeInRight&quot;,&quot;animation_delay&quot;:0,&quot;animation_tablet&quot;:&quot;fadeIn&quot;,&quot;background_motion_fx_devices&quot;:[&quot;desktop&quot;,&quot;laptop&quot;,&quot;tablet_extra&quot;,&quot;tablet&quot;,&quot;mobile&quot;]}\">\n\t\t\t\t<div class=\"elementor-element elementor-element-790ab1f elementor-widget elementor-widget-text-editor\" data-id=\"790ab1f\" data-element_type=\"widget\" data-e-type=\"widget\" data-widget_type=\"text-editor.default\">\n\t\t\t\t<div class=\"elementor-widget-container\">\n\t\t\t\t\t\t\t\t\t<h3>WEINGASTRONOMIE<\/h3>\n<p>W\u00e4hrend des\u00a0<strong>Urlaubs in Gabicce<\/strong>\u00a0k\u00f6nnen Sie die Lebendigkeit des Gebiets aus kulinarischer Sicht ausprobieren!<br \/>Neben der traditionellen romagnolischen K\u00fcche mit einem winzigen Einflu\u00df aus den Marken, die Sie in den zahlreichen kleinen Restaurants in\u00a0<strong>Gabicce<\/strong>\u00a0genie\u00dfen k\u00f6nnen, gibt es viele weingastronomischen Routen und Termine, die das Gebiet zwischen der Emilia-Romagna und den Marken beleben: Die Weinbau-Ausstellung und Weinprobe\u00a0<strong>Calici di Stelle<\/strong>\u00a0in\u00a0<strong>Sant&#8217;Arcangelo<\/strong>, die lokalen, nat\u00fcrlichen und biologischen Erzeugnisse von\u00a0<strong>KM0<\/strong>\u00a0in\u00a0<strong>Cattolica<\/strong>, die\u00a0<strong>Bagliori di Gusto<\/strong>\u00a0in\u00a0<strong>Gradara<\/strong>\u00a0und viele mehr!<\/p>\n<h4>Vergessen Sie nicht, Alba, Marco und das Personal um Rat zu fragen, wo Sie das Klima von Gabicce voll ausleben und die Eigent\u00fcmlichkeit des Ortes ausprobieren k\u00f6nnen!<\/h4>\n\t\t\t\t\t\t\t\t<\/div>\n\t\t\t\t<\/div>\n\t\t\t\t<\/div>\n\t\t\t\t<\/div>\n\t\t\t\t\t<\/div>\n\t\t\t\t<\/div>\n\t\t\t\t<\/div>\n\t\t","protected":false},"excerpt":{"rendered":"<p>Gabicce und Umgebung Gabicce und Umgebung So erleben wir Gabicce&#8230; Gabicce Mare, Treffpunkt zwischen Meer und H\u00fcgel und an der Grenze von zwei Regionen, der\u00a0Emilia-Romagna\u00a0und den\u00a0Marken, bietet ganz viele Tipps f\u00fcr einen Urlaub im Zeichen des Meeres und der Entspannung, aber auch der Kultur, der Weingastronomie und vieler Aktivit\u00e4ten im Kontakt mit der Natur. Mehrmals [&hellip;]<\/p>\n","protected":false},"author":2,"featured_media":0,"parent":0,"menu_order":0,"comment_status":"closed","ping_status":"closed","template":"","meta":{"_acf_changed":false,"footnotes":""},"class_list":["post-4991","page","type-page","status-publish","hentry"],"acf":[],"_links":{"self":[{"href":"https:\/\/www.hotelnobel.it\/de\/wp-json\/wp\/v2\/pages\/4991","targetHints":{"allow":["GET"]}}],"collection":[{"href":"https:\/\/www.hotelnobel.it\/de\/wp-json\/wp\/v2\/pages"}],"about":[{"href":"https:\/\/www.hotelnobel.it\/de\/wp-json\/wp\/v2\/types\/page"}],"author":[{"embeddable":true,"href":"https:\/\/www.hotelnobel.it\/de\/wp-json\/wp\/v2\/users\/2"}],"replies":[{"embeddable":true,"href":"https:\/\/www.hotelnobel.it\/de\/wp-json\/wp\/v2\/comments?post=4991"}],"version-history":[{"count":2,"href":"https:\/\/www.hotelnobel.it\/de\/wp-json\/wp\/v2\/pages\/4991\/revisions"}],"predecessor-version":[{"id":5212,"href":"https:\/\/www.hotelnobel.it\/de\/wp-json\/wp\/v2\/pages\/4991\/revisions\/5212"}],"wp:attachment":[{"href":"https:\/\/www.hotelnobel.it\/de\/wp-json\/wp\/v2\/media?parent=4991"}],"curies":[{"name":"wp","href":"https:\/\/api.w.org\/{rel}","templated":true}]}}