{"id":5000,"date":"2025-04-09T15:23:25","date_gmt":"2025-04-09T13:23:25","guid":{"rendered":"https:\/\/www.hotelnobel.it\/informationen-anfordern\/"},"modified":"2025-04-14T16:17:43","modified_gmt":"2025-04-14T14:17:43","slug":"informationen-anfordern","status":"publish","type":"page","link":"https:\/\/www.hotelnobel.it\/de\/informationen-anfordern\/","title":{"rendered":"Richiesta informazioni"},"content":{"rendered":"\t\t<div data-elementor-type=\"wp-page\" data-elementor-id=\"5000\" class=\"elementor elementor-5000 elementor-4119\" data-elementor-post-type=\"page\">\n\t\t\t\t<div class=\"elementor-element elementor-element-3dfca6e animated-fast e-flex e-con-boxed e-con e-parent\" data-id=\"3dfca6e\" data-element_type=\"container\" data-e-type=\"container\" data-settings=\"{&quot;animation&quot;:&quot;none&quot;,&quot;animation_tablet_extra&quot;:&quot;fadeIn&quot;}\">\n\t\t\t\t\t<div class=\"e-con-inner\">\n\t\t<div class=\"elementor-element elementor-element-bf87565 e-con-full animated-fast e-flex elementor-invisible e-con e-child\" data-id=\"bf87565\" data-element_type=\"container\" data-e-type=\"container\" data-settings=\"{&quot;background_background&quot;:&quot;classic&quot;,&quot;animation&quot;:&quot;fadeInLeft&quot;,&quot;animation_tablet_extra&quot;:&quot;none&quot;}\">\n\t\t\t\t<div class=\"elementor-element elementor-element-a2de817 elementor-widget elementor-widget-heading\" data-id=\"a2de817\" data-element_type=\"widget\" data-e-type=\"widget\" data-widget_type=\"heading.default\">\n\t\t\t\t<div class=\"elementor-widget-container\">\n\t\t\t\t\t<h1 class=\"elementor-heading-title elementor-size-default\">Informationen Anfordern<\/h1>\t\t\t\t<\/div>\n\t\t\t\t<\/div>\n\t\t\t\t<div class=\"elementor-element elementor-element-a88e035 elementor-widget__width-inherit elementor-absolute elementor-hidden-tablet elementor-hidden-mobile elementor-widget elementor-widget-heading\" data-id=\"a88e035\" data-element_type=\"widget\" data-e-type=\"widget\" data-settings=\"{&quot;_position&quot;:&quot;absolute&quot;}\" data-widget_type=\"heading.default\">\n\t\t\t\t<div class=\"elementor-widget-container\">\n\t\t\t\t\t<span class=\"elementor-heading-title elementor-size-default\">Info<\/span>\t\t\t\t<\/div>\n\t\t\t\t<\/div>\n\t\t\t\t<div class=\"elementor-element elementor-element-f07117f elementor-widget elementor-widget-heading\" data-id=\"f07117f\" data-element_type=\"widget\" data-e-type=\"widget\" data-widget_type=\"heading.default\">\n\t\t\t\t<div class=\"elementor-widget-container\">\n\t\t\t\t\t<h2 class=\"elementor-heading-title elementor-size-default\">N\u00e4here Informationen, k\u00f6nnen Sie uns gerne unverbindlich kontaktieren!<\/h2>\t\t\t\t<\/div>\n\t\t\t\t<\/div>\n\t\t\t\t<div class=\"elementor-element elementor-element-5a865c7 elementor-widget elementor-widget-text-editor\" data-id=\"5a865c7\" data-element_type=\"widget\" data-e-type=\"widget\" data-widget_type=\"text-editor.default\">\n\t\t\t\t<div class=\"elementor-widget-container\">\n\t\t\t\t\t\t\t\t\t<p>Verbringen Sie Zeit mit uns und Sie werden Einwohner von Gabicce werden. Wir lieben Gabicce Mare \u00fcber alles!!<br \/>&#8211; Alba und Marco &#8211;<\/p>\n\t\t\t\t\t\t\t\t<\/div>\n\t\t\t\t<\/div>\n\t\t\t\t<div class=\"elementor-element elementor-element-c25f518 elementor-widget elementor-widget-text-editor\" data-id=\"c25f518\" data-element_type=\"widget\" data-e-type=\"widget\" data-widget_type=\"text-editor.default\">\n\t\t\t\t<div class=\"elementor-widget-container\">\n\t\t\t\t\t\t\t\t\t<p>#VieniAStareBene<\/p>\n\t\t\t\t\t\t\t\t<\/div>\n\t\t\t\t<\/div>\n\t\t\t\t<div class=\"elementor-element elementor-element-556a2e0 elementor-widget elementor-widget-text-editor\" data-id=\"556a2e0\" data-element_type=\"widget\" data-e-type=\"widget\" data-widget_type=\"text-editor.default\">\n\t\t\t\t<div class=\"elementor-widget-container\">\n\t\t\t\t\t\t\t\t\t<p>Falls Sie an den perfekten Urlaub an einem Ort denken, wo\u00a0<strong>sich Meer und H\u00fcgel begegnen<\/strong>\u00a0und Ihnen zahlreiche\u00a0<strong>Spa\u00df<\/strong>&#8211; und\u00a0<strong>Entspannung<\/strong>sm\u00f6glichkeiten anbieten, dann denken Sie bestimmt an das\u00a0<strong>3-Sterne-Hotel Nobel\u00a0<\/strong>direkt am Strand, an der Grenze zwischen der\u00a0<strong>Emilia-Romagna<\/strong>\u00a0und den\u00a0<strong>Marken<\/strong>, im\u00a0<strong>Zentrum von Gabicce in Fu\u00dfg\u00e4ngerbereich<\/strong>.<\/p>\n\t\t\t\t\t\t\t\t<\/div>\n\t\t\t\t<\/div>\n\t\t\t\t<\/div>\n\t\t<div class=\"elementor-element elementor-element-0eb38e3 e-con-full animated-fast e-flex elementor-invisible e-con e-child\" data-id=\"0eb38e3\" data-element_type=\"container\" data-e-type=\"container\" data-settings=\"{&quot;background_background&quot;:&quot;classic&quot;,&quot;animation&quot;:&quot;fadeInLeft&quot;,&quot;animation_delay&quot;:1200,&quot;animation_tablet_extra&quot;:&quot;none&quot;}\">\n\t\t\t\t<div class=\"elementor-element elementor-element-c8ac7e2 elementor-widget elementor-widget-template\" data-id=\"c8ac7e2\" data-element_type=\"widget\" data-e-type=\"widget\" data-widget_type=\"template.default\">\n\t\t\t\t<div class=\"elementor-widget-container\">\n\t\t\t\t\t\t\t<div class=\"elementor-template\">\n\t\t\t\t\t<div data-elementor-type=\"container\" data-elementor-id=\"4867\" class=\"elementor elementor-4867 elementor-173 elementor-173\" data-elementor-post-type=\"elementor_library\">\n\t\t\t\t<div class=\"elementor-element elementor-element-cba1499 e-con-full e-flex e-con e-parent\" data-id=\"cba1499\" data-element_type=\"container\" data-e-type=\"container\">\n\t\t\t\t<div class=\"elementor-element elementor-element-40094bf elementor-widget__width-inherit elementor-widget elementor-widget-html\" data-id=\"40094bf\" data-element_type=\"widget\" data-e-type=\"widget\" data-widget_type=\"html.default\">\n\t\t\t\t<div class=\"elementor-widget-container\">\n\t\t\t\t\t<script type=\"text\/javascript\">\r\n                    if(typeof window.quoto_form == 'undefined'){\r\n                            var quoto_form = jQuery.makeArray({\r\n                                    'idsito'              : 269,\r\n                                    'language'            : 'de',\r\n                                    'bootstrap'       \t  : 1,\r\n                                    'captcha'         \t  : 1,\r\n                                    'ChiaveSitoReCaptcha' : '6LcovKspAAAAAN0G51XyPlf6f-BqVeejgkj6Ikgp',   \/\/v.2 Invisible\r\n                                    'iubendapolicy'   \t  : 1, \r\n                                    'iubendacode'         : '494843#399742#202413#103892##',\r\n                                    'selBambini'   \t      : 1,\r\n                                    'tipoSoggiorni'       : 'Bed & Breakfast,Mezza Pensione FORMULA GOLDEN,Pensione Completa FORMULA GOLDEN#Bed & Breakfast,Full Board with parking  and beach service,Half Board with  beach service and parking#Bed & Breakfast,Demi-pension plus parking e service \u00e0 la plage,Pension compl\u00e8te pus parking e service \u00e0 la plage#Bed & Breakfast,Halbpension GOLDEN,Vollpension GOLDEN##',\r\n                                    'fontawesome'     \t  : 1,\r\n                                    'campoSconto'     \t  : 0,\r\n                                    'selectAnimali'   \t  : 0,\r\n                                    'selectAlloggi'       : 0,\r\n                                    'tipoAlloggi'         : '',\r\n                                    'multiStruttura'      : 'Richiesta informazioni da Sito'\r\n                                        });\r\n                    } \r\n<\/script><br><script src=\"https:\/\/ajax.googleapis.com\/ajax\/libs\/jquery\/3.7.1\/jquery.min.js\"><\/script><br><div id=\"WidgetformQuoto\"><\/div><br><script type=\"text\/javascript\" src=\"https:\/\/www.quotocrm.it\/apiForm\/js\/form_widget_quoto.min.js\" async defer><\/script>\t\t\t\t<\/div>\n\t\t\t\t<\/div>\n\t\t\t\t<\/div>\n\t\t\t\t<\/div>\n\t\t\t\t<\/div>\n\t\t\t\t\t\t<\/div>\n\t\t\t\t<\/div>\n\t\t\t\t<\/div>\n\t\t\t\t\t<\/div>\n\t\t\t\t<\/div>\n\t\t\t\t<\/div>\n\t\t","protected":false},"excerpt":{"rendered":"<p>Informationen Anfordern Info N\u00e4here Informationen, k\u00f6nnen Sie uns gerne unverbindlich kontaktieren! Verbringen Sie Zeit mit uns und Sie werden Einwohner von Gabicce werden. Wir lieben Gabicce Mare \u00fcber alles!! &#8211; Alba und Marco &#8211; #VieniAStareBene Falls Sie an den perfekten Urlaub an einem Ort denken, wo\u00a0sich Meer und H\u00fcgel begegnen\u00a0und Ihnen zahlreiche\u00a0Spa\u00df&#8211; und\u00a0Entspannungsm\u00f6glichkeiten anbieten, dann [&hellip;]<\/p>\n","protected":false},"author":2,"featured_media":0,"parent":0,"menu_order":0,"comment_status":"closed","ping_status":"closed","template":"","meta":{"_acf_changed":false,"footnotes":""},"class_list":["post-5000","page","type-page","status-publish","hentry"],"acf":[],"_links":{"self":[{"href":"https:\/\/www.hotelnobel.it\/de\/wp-json\/wp\/v2\/pages\/5000","targetHints":{"allow":["GET"]}}],"collection":[{"href":"https:\/\/www.hotelnobel.it\/de\/wp-json\/wp\/v2\/pages"}],"about":[{"href":"https:\/\/www.hotelnobel.it\/de\/wp-json\/wp\/v2\/types\/page"}],"author":[{"embeddable":true,"href":"https:\/\/www.hotelnobel.it\/de\/wp-json\/wp\/v2\/users\/2"}],"replies":[{"embeddable":true,"href":"https:\/\/www.hotelnobel.it\/de\/wp-json\/wp\/v2\/comments?post=5000"}],"version-history":[{"count":3,"href":"https:\/\/www.hotelnobel.it\/de\/wp-json\/wp\/v2\/pages\/5000\/revisions"}],"predecessor-version":[{"id":5210,"href":"https:\/\/www.hotelnobel.it\/de\/wp-json\/wp\/v2\/pages\/5000\/revisions\/5210"}],"wp:attachment":[{"href":"https:\/\/www.hotelnobel.it\/de\/wp-json\/wp\/v2\/media?parent=5000"}],"curies":[{"name":"wp","href":"https:\/\/api.w.org\/{rel}","templated":true}]}}